{"id":1278,"date":"2023-10-25T15:33:35","date_gmt":"2023-10-25T13:33:35","guid":{"rendered":"https:\/\/www.ch-vignette.net\/rakuska-dialnicna-znamka\/"},"modified":"2024-06-27T16:01:55","modified_gmt":"2024-06-27T14:01:55","slug":"rakuska-dialnicna-znamka","status":"publish","type":"page","link":"https:\/\/www.ch-vignette.net\/sk\/rakuska-dialnicna-znamka\/","title":{"rendered":"Rak\u00faska dia\u013eni\u010dn\u00e1 zn\u00e1mka"},"content":{"rendered":"","protected":false},"excerpt":{"rendered":"","protected":false},"author":1,"featured_media":0,"parent":0,"menu_order":0,"comment_status":"closed","ping_status":"closed","template":"","meta":{"footnotes":""},"categories":[],"tags":[195],"_links":{"self":[{"href":"https:\/\/www.ch-vignette.net\/sk\/wp-json\/wp\/v2\/pages\/1278"}],"collection":[{"href":"https:\/\/www.ch-vignette.net\/sk\/wp-json\/wp\/v2\/pages"}],"about":[{"href":"https:\/\/www.ch-vignette.net\/sk\/wp-json\/wp\/v2\/types\/page"}],"author":[{"embeddable":true,"href":"https:\/\/www.ch-vignette.net\/sk\/wp-json\/wp\/v2\/users\/1"}],"replies":[{"embeddable":true,"href":"https:\/\/www.ch-vignette.net\/sk\/wp-json\/wp\/v2\/comments?post=1278"}],"version-history":[{"count":1,"href":"https:\/\/www.ch-vignette.net\/sk\/wp-json\/wp\/v2\/pages\/1278\/revisions"}],"predecessor-version":[{"id":2458,"href":"https:\/\/www.ch-vignette.net\/sk\/wp-json\/wp\/v2\/pages\/1278\/revisions\/2458"}],"wp:attachment":[{"href":"https:\/\/www.ch-vignette.net\/sk\/wp-json\/wp\/v2\/media?parent=1278"}],"wp:term":[{"taxonomy":"category","embeddable":true,"href":"https:\/\/www.ch-vignette.net\/sk\/wp-json\/wp\/v2\/categories?post=1278"},{"taxonomy":"post_tag","embeddable":true,"href":"https:\/\/www.ch-vignette.net\/sk\/wp-json\/wp\/v2\/tags?post=1278"}],"curies":[{"name":"wp","href":"https:\/\/api.w.org\/{rel}","templated":true}]}}